{"id":78,"date":"2020-10-05T11:07:06","date_gmt":"2020-10-05T14:07:06","guid":{"rendered":"http:\/\/equilibriumpsi.com.br\/home\/?page_id=78"},"modified":"2020-10-12T08:26:30","modified_gmt":"2020-10-12T11:26:30","slug":"home","status":"publish","type":"page","link":"https:\/\/equilibriumpsi.com.br\/","title":{"rendered":"Equilibrium"},"content":{"rendered":"\n<p>Estudos comprovam que o bem-estar dos funcion\u00e1rios impacta diretamente na produtividade da empresa.<\/p>\n\n\n\n<p>Transtornos mentais e comportamentais correspondem a <strong>47% das licen\u00e7as<\/strong> do trabalho no mundo. Situa\u00e7\u00f5es graves podem gerar um afastamento de at\u00e9 200 dias em um ano e uma <strong>redu\u00e7\u00e3o de at\u00e9 48% na produtividade<\/strong> (calculada em horas). Para compara\u00e7\u00e3o, doen\u00e7as f\u00edsicas correspondem a 29%.<\/p>\n\n\n\n<p>A Equilibrium Psicologia oferece solu\u00e7\u00f5es completas para programas empresariais que visam a sa\u00fade metal e o bem-estar de seus funcion\u00e1rios. Seja para promo\u00e7\u00e3o, preven\u00e7\u00e3o, recupera\u00e7\u00e3o ou reabilita\u00e7\u00e3o de pessoas com dist\u00farbios mentais, emocionais e de personalidade, as propostas s\u00e3o desenhadas sob medida para melhor atender \u00e0s necessidades das empresas e a sa\u00fade de seus colaboradores.<\/p>\n\n\n\n<p><\/p>\n\n\n\n<div class=\"wp-block-image\"><figure class=\"aligncenter size-large\"><img loading=\"lazy\" width=\"744\" height=\"314\" src=\"http:\/\/equilibriumpsi.com.br\/home\/wp-content\/uploads\/2020\/10\/dados.jpg\" alt=\"\" class=\"wp-image-150\" srcset=\"https:\/\/equilibriumpsi.com.br\/wp-content\/uploads\/2020\/10\/dados.jpg 744w, https:\/\/equilibriumpsi.com.br\/wp-content\/uploads\/2020\/10\/dados-300x127.jpg 300w\" sizes=\"(max-width: 706px) 89vw, (max-width: 767px) 82vw, 740px\" \/><\/figure><\/div>\n","protected":false},"excerpt":{"rendered":"<p>Estudos comprovam que o bem-estar dos funcion\u00e1rios impacta diretamente na produtividade da empresa. Transtornos mentais e comportamentais correspondem a 47% das licen\u00e7as do trabalho no mundo. Situa\u00e7\u00f5es graves podem gerar um afastamento de at\u00e9 200 dias em um ano e uma redu\u00e7\u00e3o de at\u00e9 48% na produtividade (calculada em horas). Para compara\u00e7\u00e3o, doen\u00e7as f\u00edsicas correspondem &hellip; <\/p>\n<p class=\"link-more\"><a href=\"https:\/\/equilibriumpsi.com.br\/\" class=\"more-link\">Continue reading<span class=\"screen-reader-text\"> &#8220;Equilibrium&#8221;<\/span><\/a><\/p>\n","protected":false},"author":1,"featured_media":0,"parent":0,"menu_order":0,"comment_status":"closed","ping_status":"closed","template":"","meta":[],"_links":{"self":[{"href":"https:\/\/equilibriumpsi.com.br\/index.php?rest_route=\/wp\/v2\/pages\/78"}],"collection":[{"href":"https:\/\/equilibriumpsi.com.br\/index.php?rest_route=\/wp\/v2\/pages"}],"about":[{"href":"https:\/\/equilibriumpsi.com.br\/index.php?rest_route=\/wp\/v2\/types\/page"}],"author":[{"embeddable":true,"href":"https:\/\/equilibriumpsi.com.br\/index.php?rest_route=\/wp\/v2\/users\/1"}],"replies":[{"embeddable":true,"href":"https:\/\/equilibriumpsi.com.br\/index.php?rest_route=%2Fwp%2Fv2%2Fcomments&post=78"}],"version-history":[{"count":7,"href":"https:\/\/equilibriumpsi.com.br\/index.php?rest_route=\/wp\/v2\/pages\/78\/revisions"}],"predecessor-version":[{"id":151,"href":"https:\/\/equilibriumpsi.com.br\/index.php?rest_route=\/wp\/v2\/pages\/78\/revisions\/151"}],"wp:attachment":[{"href":"https:\/\/equilibriumpsi.com.br\/index.php?rest_route=%2Fwp%2Fv2%2Fmedia&parent=78"}],"curies":[{"name":"wp","href":"https:\/\/api.w.org\/{rel}","templated":true}]}}