{"id":5,"date":"2020-10-05T10:14:13","date_gmt":"2020-10-05T13:14:13","guid":{"rendered":"http:\/\/equilibriumpsi.com.br\/home\/?page_id=5"},"modified":"2020-10-12T09:12:58","modified_gmt":"2020-10-12T12:12:58","slug":"sobre-nos","status":"publish","type":"page","link":"https:\/\/equilibriumpsi.com.br\/?page_id=5","title":{"rendered":"Sobre n\u00f3s"},"content":{"rendered":"\n<p>A Equilibrium Psicologia \u00e9 formada por uma equipe altamente capacitada, com profissionais experientes em diferentes abordagens e que oferece atendimento personalizado em todo o Brasil.<\/p>\n\n\n\n<p>Idealizada por Carlos Bonilla, a empresa foi fundada ap\u00f3s o psic\u00f3logo perceber a crescente necessidade do mercado corporativo por programas de bem-estar, principalmente relacionados a sa\u00fade mental.<\/p>\n\n\n\n<p>\u00c9tica, sigilo e respeito permeiam os valores que guiam o trabalho dos nossos profissionais.<\/p>\n\n\n\n<p>Orientar as pessoas a encontrar o equil\u00edbrio para as diversas adversidades que as atingem por meio da psicoterapia, \u00e9 nossa miss\u00e3o.<\/p>\n\n\n\n<figure class=\"wp-block-image size-large\"><img loading=\"lazy\" width=\"917\" height=\"407\" src=\"http:\/\/equilibriumpsi.com.br\/home\/wp-content\/uploads\/2020\/10\/carlos.jpg\" alt=\"\" class=\"wp-image-152\" srcset=\"https:\/\/equilibriumpsi.com.br\/wp-content\/uploads\/2020\/10\/carlos.jpg 917w, https:\/\/equilibriumpsi.com.br\/wp-content\/uploads\/2020\/10\/carlos-300x133.jpg 300w, https:\/\/equilibriumpsi.com.br\/wp-content\/uploads\/2020\/10\/carlos-768x341.jpg 768w\" sizes=\"(max-width: 706px) 89vw, (max-width: 767px) 82vw, 740px\" \/><\/figure>\n\n\n\n<p class=\"has-text-align-left\">Comprometimento com a qualidade da entrega torna o trabalho ainda mais especial e gratificante para n\u00f3s e nossos clientes.<\/p>\n\n\n\n<figure class=\"wp-block-image size-large\"><img loading=\"lazy\" width=\"978\" height=\"509\" src=\"http:\/\/equilibriumpsi.com.br\/home\/wp-content\/uploads\/2020\/10\/depo-1.jpg\" alt=\"\" class=\"wp-image-159\" srcset=\"https:\/\/equilibriumpsi.com.br\/wp-content\/uploads\/2020\/10\/depo-1.jpg 978w, https:\/\/equilibriumpsi.com.br\/wp-content\/uploads\/2020\/10\/depo-1-300x156.jpg 300w, https:\/\/equilibriumpsi.com.br\/wp-content\/uploads\/2020\/10\/depo-1-768x400.jpg 768w\" sizes=\"(max-width: 706px) 89vw, (max-width: 767px) 82vw, 740px\" \/><\/figure>\n","protected":false},"excerpt":{"rendered":"<p>A Equilibrium Psicologia \u00e9 formada por uma equipe altamente capacitada, com profissionais experientes em diferentes abordagens e que oferece atendimento personalizado em todo o Brasil. Idealizada por Carlos Bonilla, a empresa foi fundada ap\u00f3s o psic\u00f3logo perceber a crescente necessidade do mercado corporativo por programas de bem-estar, principalmente relacionados a sa\u00fade mental. \u00c9tica, sigilo e &hellip; <\/p>\n<p class=\"link-more\"><a href=\"https:\/\/equilibriumpsi.com.br\/?page_id=5\" class=\"more-link\">Continue reading<span class=\"screen-reader-text\"> &#8220;Sobre n\u00f3s&#8221;<\/span><\/a><\/p>\n","protected":false},"author":1,"featured_media":144,"parent":0,"menu_order":0,"comment_status":"closed","ping_status":"closed","template":"","meta":[],"_links":{"self":[{"href":"https:\/\/equilibriumpsi.com.br\/index.php?rest_route=\/wp\/v2\/pages\/5"}],"collection":[{"href":"https:\/\/equilibriumpsi.com.br\/index.php?rest_route=\/wp\/v2\/pages"}],"about":[{"href":"https:\/\/equilibriumpsi.com.br\/index.php?rest_route=\/wp\/v2\/types\/page"}],"author":[{"embeddable":true,"href":"https:\/\/equilibriumpsi.com.br\/index.php?rest_route=\/wp\/v2\/users\/1"}],"replies":[{"embeddable":true,"href":"https:\/\/equilibriumpsi.com.br\/index.php?rest_route=%2Fwp%2Fv2%2Fcomments&post=5"}],"version-history":[{"count":11,"href":"https:\/\/equilibriumpsi.com.br\/index.php?rest_route=\/wp\/v2\/pages\/5\/revisions"}],"predecessor-version":[{"id":160,"href":"https:\/\/equilibriumpsi.com.br\/index.php?rest_route=\/wp\/v2\/pages\/5\/revisions\/160"}],"wp:featuredmedia":[{"embeddable":true,"href":"https:\/\/equilibriumpsi.com.br\/index.php?rest_route=\/wp\/v2\/media\/144"}],"wp:attachment":[{"href":"https:\/\/equilibriumpsi.com.br\/index.php?rest_route=%2Fwp%2Fv2%2Fmedia&parent=5"}],"curies":[{"name":"wp","href":"https:\/\/api.w.org\/{rel}","templated":true}]}}