{"id":102,"date":"2020-10-05T16:37:37","date_gmt":"2020-10-05T19:37:37","guid":{"rendered":"http:\/\/equilibriumpsi.com.br\/home\/?page_id=102"},"modified":"2020-10-05T20:57:37","modified_gmt":"2020-10-05T23:57:37","slug":"solucoes","status":"publish","type":"page","link":"https:\/\/equilibriumpsi.com.br\/?page_id=102","title":{"rendered":"Solu\u00e7\u00f5es"},"content":{"rendered":"\n<figure class=\"wp-block-image size-large\"><img loading=\"lazy\" width=\"1024\" height=\"192\" src=\"http:\/\/equilibriumpsi.com.br\/home\/wp-content\/uploads\/2020\/10\/Solucoes-1024x192.jpg\" alt=\"\" class=\"wp-image-117\" srcset=\"https:\/\/equilibriumpsi.com.br\/wp-content\/uploads\/2020\/10\/Solucoes-1024x192.jpg 1024w, https:\/\/equilibriumpsi.com.br\/wp-content\/uploads\/2020\/10\/Solucoes-300x56.jpg 300w, https:\/\/equilibriumpsi.com.br\/wp-content\/uploads\/2020\/10\/Solucoes-768x144.jpg 768w, https:\/\/equilibriumpsi.com.br\/wp-content\/uploads\/2020\/10\/Solucoes.jpg 1157w\" sizes=\"(max-width: 706px) 89vw, (max-width: 767px) 82vw, 740px\" \/><\/figure>\n\n\n\n<p><\/p>\n\n\n\n<p>Valorizar o bem-estar psicol\u00f3gico dos colaboradores ajuda a criar um ambiente de trabalho mais saud\u00e1vel e equilibrado. A psicologia corporativa auxilia na resolu\u00e7\u00e3o de dificuldades di\u00e1rias que podem influenciar a din\u00e2mica corporativa.<\/p>\n\n\n\n<p><br>Os servi\u00e7os prestados v\u00e3o desde a aplica\u00e7\u00e3o de testes psicom\u00e9tricos, acolhimento psicol\u00f3gico, tratamento psicoterap\u00eautico a desenvolvimento de gest\u00e3o.<\/p>\n","protected":false},"excerpt":{"rendered":"<p>Valorizar o bem-estar psicol\u00f3gico dos colaboradores ajuda a criar um ambiente de trabalho mais saud\u00e1vel e equilibrado. A psicologia corporativa auxilia na resolu\u00e7\u00e3o de dificuldades di\u00e1rias que podem influenciar a din\u00e2mica corporativa. Os servi\u00e7os prestados v\u00e3o desde a aplica\u00e7\u00e3o de testes psicom\u00e9tricos, acolhimento psicol\u00f3gico, tratamento psicoterap\u00eautico a desenvolvimento de gest\u00e3o.<\/p>\n","protected":false},"author":1,"featured_media":146,"parent":0,"menu_order":0,"comment_status":"closed","ping_status":"closed","template":"","meta":[],"_links":{"self":[{"href":"https:\/\/equilibriumpsi.com.br\/index.php?rest_route=\/wp\/v2\/pages\/102"}],"collection":[{"href":"https:\/\/equilibriumpsi.com.br\/index.php?rest_route=\/wp\/v2\/pages"}],"about":[{"href":"https:\/\/equilibriumpsi.com.br\/index.php?rest_route=\/wp\/v2\/types\/page"}],"author":[{"embeddable":true,"href":"https:\/\/equilibriumpsi.com.br\/index.php?rest_route=\/wp\/v2\/users\/1"}],"replies":[{"embeddable":true,"href":"https:\/\/equilibriumpsi.com.br\/index.php?rest_route=%2Fwp%2Fv2%2Fcomments&post=102"}],"version-history":[{"count":3,"href":"https:\/\/equilibriumpsi.com.br\/index.php?rest_route=\/wp\/v2\/pages\/102\/revisions"}],"predecessor-version":[{"id":121,"href":"https:\/\/equilibriumpsi.com.br\/index.php?rest_route=\/wp\/v2\/pages\/102\/revisions\/121"}],"wp:featuredmedia":[{"embeddable":true,"href":"https:\/\/equilibriumpsi.com.br\/index.php?rest_route=\/wp\/v2\/media\/146"}],"wp:attachment":[{"href":"https:\/\/equilibriumpsi.com.br\/index.php?rest_route=%2Fwp%2Fv2%2Fmedia&parent=102"}],"curies":[{"name":"wp","href":"https:\/\/api.w.org\/{rel}","templated":true}]}}